{"id":1227,"date":"2024-10-16T18:04:32","date_gmt":"2024-10-16T18:04:32","guid":{"rendered":"https:\/\/techeart.com.br\/axisloja3\/produto\/tripe-telescopico-120-a-197-metros-delta-plus\/"},"modified":"2024-10-16T18:04:32","modified_gmt":"2024-10-16T18:04:32","slug":"tripe-telescopico-120-a-197-metros-delta-plus","status":"publish","type":"product","link":"https:\/\/techeart.com.br\/axisloja3\/produto\/tripe-telescopico-120-a-197-metros-delta-plus\/","title":{"rendered":"TRIP\u00c9 TELESC\u00d3PICO 1,20 \u00c1 1,97 METROS &#8211; DELTA PLUS"},"content":{"rendered":"","protected":false},"excerpt":{"rendered":"","protected":false},"featured_media":1226,"comment_status":"open","ping_status":"closed","template":"","meta":[],"product_brand":[],"product_cat":[49],"product_tag":[],"class_list":{"0":"post-1227","1":"product","2":"type-product","3":"status-publish","4":"has-post-thumbnail","6":"product_cat-tripe","8":"first","9":"outofstock","10":"shipping-taxable","11":"purchasable","12":"product-type-simple"},"yoast_head":"<!-- This site is optimized with the Yoast SEO plugin v27.4 - https:\/\/yoast.com\/product\/yoast-seo-wordpress\/ -->\n<title>TRIP\u00c9 TELESC\u00d3PICO 1,20 \u00c1 1,97 METROS - DELTA PLUS - axis loja 3<\/title>\n<meta name=\"robots\" content=\"index, follow, max-snippet:-1, max-image-preview:large, max-video-preview:-1\" \/>\n<link rel=\"canonical\" href=\"https:\/\/techeart.com.br\/axisloja3\/produto\/tripe-telescopico-120-a-197-metros-delta-plus\/\" \/>\n<meta property=\"og:locale\" content=\"pt_BR\" \/>\n<meta property=\"og:type\" content=\"article\" \/>\n<meta property=\"og:title\" content=\"TRIP\u00c9 TELESC\u00d3PICO 1,20 \u00c1 1,97 METROS - DELTA PLUS - axis loja 3\" \/>\n<meta property=\"og:url\" content=\"https:\/\/techeart.com.br\/axisloja3\/produto\/tripe-telescopico-120-a-197-metros-delta-plus\/\" \/>\n<meta property=\"og:site_name\" content=\"axis loja 3\" \/>\n<meta name=\"twitter:card\" content=\"summary_large_image\" \/>\n<script type=\"application\/ld+json\" class=\"yoast-schema-graph\">{\"@context\":\"https:\\\/\\\/schema.org\",\"@graph\":[{\"@type\":\"WebPage\",\"@id\":\"https:\\\/\\\/techeart.com.br\\\/axisloja3\\\/produto\\\/tripe-telescopico-120-a-197-metros-delta-plus\\\/\",\"url\":\"https:\\\/\\\/techeart.com.br\\\/axisloja3\\\/produto\\\/tripe-telescopico-120-a-197-metros-delta-plus\\\/\",\"name\":\"TRIP\u00c9 TELESC\u00d3PICO 1,20 \u00c1 1,97 METROS - DELTA PLUS - axis loja 3\",\"isPartOf\":{\"@id\":\"https:\\\/\\\/techeart.com.br\\\/axisloja3\\\/#website\"},\"primaryImageOfPage\":{\"@id\":\"https:\\\/\\\/techeart.com.br\\\/axisloja3\\\/produto\\\/tripe-telescopico-120-a-197-metros-delta-plus\\\/#primaryimage\"},\"image\":{\"@id\":\"https:\\\/\\\/techeart.com.br\\\/axisloja3\\\/produto\\\/tripe-telescopico-120-a-197-metros-delta-plus\\\/#primaryimage\"},\"thumbnailUrl\":\"https:\\\/\\\/techeart.com.br\\\/axisloja3\\\/wp-content\\\/uploads\\\/2024\\\/10\\\/43cb997370b470046da16b7c40b34b79.jpg\",\"datePublished\":\"2024-10-16T18:04:32+00:00\",\"breadcrumb\":{\"@id\":\"https:\\\/\\\/techeart.com.br\\\/axisloja3\\\/produto\\\/tripe-telescopico-120-a-197-metros-delta-plus\\\/#breadcrumb\"},\"inLanguage\":\"pt-BR\",\"potentialAction\":[{\"@type\":\"ReadAction\",\"target\":[\"https:\\\/\\\/techeart.com.br\\\/axisloja3\\\/produto\\\/tripe-telescopico-120-a-197-metros-delta-plus\\\/\"]}]},{\"@type\":\"ImageObject\",\"inLanguage\":\"pt-BR\",\"@id\":\"https:\\\/\\\/techeart.com.br\\\/axisloja3\\\/produto\\\/tripe-telescopico-120-a-197-metros-delta-plus\\\/#primaryimage\",\"url\":\"https:\\\/\\\/techeart.com.br\\\/axisloja3\\\/wp-content\\\/uploads\\\/2024\\\/10\\\/43cb997370b470046da16b7c40b34b79.jpg\",\"contentUrl\":\"https:\\\/\\\/techeart.com.br\\\/axisloja3\\\/wp-content\\\/uploads\\\/2024\\\/10\\\/43cb997370b470046da16b7c40b34b79.jpg\",\"width\":600,\"height\":400},{\"@type\":\"BreadcrumbList\",\"@id\":\"https:\\\/\\\/techeart.com.br\\\/axisloja3\\\/produto\\\/tripe-telescopico-120-a-197-metros-delta-plus\\\/#breadcrumb\",\"itemListElement\":[{\"@type\":\"ListItem\",\"position\":1,\"name\":\"In\u00edcio\",\"item\":\"https:\\\/\\\/techeart.com.br\\\/axisloja3\\\/\"},{\"@type\":\"ListItem\",\"position\":2,\"name\":\"Produtos\",\"item\":\"https:\\\/\\\/techeart.com.br\\\/axisloja3\\\/loja__trashed\\\/\"},{\"@type\":\"ListItem\",\"position\":3,\"name\":\"TRIP\u00c9 TELESC\u00d3PICO 1,20 \u00c1 1,97 METROS &#8211; DELTA PLUS\"}]},{\"@type\":\"WebSite\",\"@id\":\"https:\\\/\\\/techeart.com.br\\\/axisloja3\\\/#website\",\"url\":\"https:\\\/\\\/techeart.com.br\\\/axisloja3\\\/\",\"name\":\"axis loja 3\",\"description\":\"\",\"publisher\":{\"@id\":\"https:\\\/\\\/techeart.com.br\\\/axisloja3\\\/#organization\"},\"potentialAction\":[{\"@type\":\"SearchAction\",\"target\":{\"@type\":\"EntryPoint\",\"urlTemplate\":\"https:\\\/\\\/techeart.com.br\\\/axisloja3\\\/?s={search_term_string}\"},\"query-input\":{\"@type\":\"PropertyValueSpecification\",\"valueRequired\":true,\"valueName\":\"search_term_string\"}}],\"inLanguage\":\"pt-BR\"},{\"@type\":\"Organization\",\"@id\":\"https:\\\/\\\/techeart.com.br\\\/axisloja3\\\/#organization\",\"name\":\"axis loja 3\",\"url\":\"https:\\\/\\\/techeart.com.br\\\/axisloja3\\\/\",\"logo\":{\"@type\":\"ImageObject\",\"inLanguage\":\"pt-BR\",\"@id\":\"https:\\\/\\\/techeart.com.br\\\/axisloja3\\\/#\\\/schema\\\/logo\\\/image\\\/\",\"url\":\"https:\\\/\\\/techeart.com.br\\\/axisloja3\\\/wp-content\\\/uploads\\\/2024\\\/08\\\/Design-sem-nome-9.png\",\"contentUrl\":\"https:\\\/\\\/techeart.com.br\\\/axisloja3\\\/wp-content\\\/uploads\\\/2024\\\/08\\\/Design-sem-nome-9.png\",\"width\":150,\"height\":150,\"caption\":\"axis loja 3\"},\"image\":{\"@id\":\"https:\\\/\\\/techeart.com.br\\\/axisloja3\\\/#\\\/schema\\\/logo\\\/image\\\/\"}}]}<\/script>\n<!-- \/ Yoast SEO plugin. -->","yoast_head_json":{"title":"TRIP\u00c9 TELESC\u00d3PICO 1,20 \u00c1 1,97 METROS - DELTA PLUS - axis loja 3","robots":{"index":"index","follow":"follow","max-snippet":"max-snippet:-1","max-image-preview":"max-image-preview:large","max-video-preview":"max-video-preview:-1"},"canonical":"https:\/\/techeart.com.br\/axisloja3\/produto\/tripe-telescopico-120-a-197-metros-delta-plus\/","og_locale":"pt_BR","og_type":"article","og_title":"TRIP\u00c9 TELESC\u00d3PICO 1,20 \u00c1 1,97 METROS - DELTA PLUS - axis loja 3","og_url":"https:\/\/techeart.com.br\/axisloja3\/produto\/tripe-telescopico-120-a-197-metros-delta-plus\/","og_site_name":"axis loja 3","twitter_card":"summary_large_image","schema":{"@context":"https:\/\/schema.org","@graph":[{"@type":"WebPage","@id":"https:\/\/techeart.com.br\/axisloja3\/produto\/tripe-telescopico-120-a-197-metros-delta-plus\/","url":"https:\/\/techeart.com.br\/axisloja3\/produto\/tripe-telescopico-120-a-197-metros-delta-plus\/","name":"TRIP\u00c9 TELESC\u00d3PICO 1,20 \u00c1 1,97 METROS - DELTA PLUS - axis loja 3","isPartOf":{"@id":"https:\/\/techeart.com.br\/axisloja3\/#website"},"primaryImageOfPage":{"@id":"https:\/\/techeart.com.br\/axisloja3\/produto\/tripe-telescopico-120-a-197-metros-delta-plus\/#primaryimage"},"image":{"@id":"https:\/\/techeart.com.br\/axisloja3\/produto\/tripe-telescopico-120-a-197-metros-delta-plus\/#primaryimage"},"thumbnailUrl":"https:\/\/techeart.com.br\/axisloja3\/wp-content\/uploads\/2024\/10\/43cb997370b470046da16b7c40b34b79.jpg","datePublished":"2024-10-16T18:04:32+00:00","breadcrumb":{"@id":"https:\/\/techeart.com.br\/axisloja3\/produto\/tripe-telescopico-120-a-197-metros-delta-plus\/#breadcrumb"},"inLanguage":"pt-BR","potentialAction":[{"@type":"ReadAction","target":["https:\/\/techeart.com.br\/axisloja3\/produto\/tripe-telescopico-120-a-197-metros-delta-plus\/"]}]},{"@type":"ImageObject","inLanguage":"pt-BR","@id":"https:\/\/techeart.com.br\/axisloja3\/produto\/tripe-telescopico-120-a-197-metros-delta-plus\/#primaryimage","url":"https:\/\/techeart.com.br\/axisloja3\/wp-content\/uploads\/2024\/10\/43cb997370b470046da16b7c40b34b79.jpg","contentUrl":"https:\/\/techeart.com.br\/axisloja3\/wp-content\/uploads\/2024\/10\/43cb997370b470046da16b7c40b34b79.jpg","width":600,"height":400},{"@type":"BreadcrumbList","@id":"https:\/\/techeart.com.br\/axisloja3\/produto\/tripe-telescopico-120-a-197-metros-delta-plus\/#breadcrumb","itemListElement":[{"@type":"ListItem","position":1,"name":"In\u00edcio","item":"https:\/\/techeart.com.br\/axisloja3\/"},{"@type":"ListItem","position":2,"name":"Produtos","item":"https:\/\/techeart.com.br\/axisloja3\/loja__trashed\/"},{"@type":"ListItem","position":3,"name":"TRIP\u00c9 TELESC\u00d3PICO 1,20 \u00c1 1,97 METROS &#8211; DELTA PLUS"}]},{"@type":"WebSite","@id":"https:\/\/techeart.com.br\/axisloja3\/#website","url":"https:\/\/techeart.com.br\/axisloja3\/","name":"axis loja 3","description":"","publisher":{"@id":"https:\/\/techeart.com.br\/axisloja3\/#organization"},"potentialAction":[{"@type":"SearchAction","target":{"@type":"EntryPoint","urlTemplate":"https:\/\/techeart.com.br\/axisloja3\/?s={search_term_string}"},"query-input":{"@type":"PropertyValueSpecification","valueRequired":true,"valueName":"search_term_string"}}],"inLanguage":"pt-BR"},{"@type":"Organization","@id":"https:\/\/techeart.com.br\/axisloja3\/#organization","name":"axis loja 3","url":"https:\/\/techeart.com.br\/axisloja3\/","logo":{"@type":"ImageObject","inLanguage":"pt-BR","@id":"https:\/\/techeart.com.br\/axisloja3\/#\/schema\/logo\/image\/","url":"https:\/\/techeart.com.br\/axisloja3\/wp-content\/uploads\/2024\/08\/Design-sem-nome-9.png","contentUrl":"https:\/\/techeart.com.br\/axisloja3\/wp-content\/uploads\/2024\/08\/Design-sem-nome-9.png","width":150,"height":150,"caption":"axis loja 3"},"image":{"@id":"https:\/\/techeart.com.br\/axisloja3\/#\/schema\/logo\/image\/"}}]}},"_links":{"self":[{"href":"https:\/\/techeart.com.br\/axisloja3\/wp-json\/wp\/v2\/product\/1227","targetHints":{"allow":["GET"]}}],"collection":[{"href":"https:\/\/techeart.com.br\/axisloja3\/wp-json\/wp\/v2\/product"}],"about":[{"href":"https:\/\/techeart.com.br\/axisloja3\/wp-json\/wp\/v2\/types\/product"}],"replies":[{"embeddable":true,"href":"https:\/\/techeart.com.br\/axisloja3\/wp-json\/wp\/v2\/comments?post=1227"}],"wp:featuredmedia":[{"embeddable":true,"href":"https:\/\/techeart.com.br\/axisloja3\/wp-json\/wp\/v2\/media\/1226"}],"wp:attachment":[{"href":"https:\/\/techeart.com.br\/axisloja3\/wp-json\/wp\/v2\/media?parent=1227"}],"wp:term":[{"taxonomy":"product_brand","embeddable":true,"href":"https:\/\/techeart.com.br\/axisloja3\/wp-json\/wp\/v2\/product_brand?post=1227"},{"taxonomy":"product_cat","embeddable":true,"href":"https:\/\/techeart.com.br\/axisloja3\/wp-json\/wp\/v2\/product_cat?post=1227"},{"taxonomy":"product_tag","embeddable":true,"href":"https:\/\/techeart.com.br\/axisloja3\/wp-json\/wp\/v2\/product_tag?post=1227"}],"curies":[{"name":"wp","href":"https:\/\/api.w.org\/{rel}","templated":true}]}}