{"id":759,"date":"2024-09-23T13:30:58","date_gmt":"2024-09-23T13:30:58","guid":{"rendered":"https:\/\/techeart.com.br\/axisloja3\/produto\/polia-camp-turbolok\/"},"modified":"2024-09-24T19:33:16","modified_gmt":"2024-09-24T19:33:16","slug":"polia-camp-turbolok","status":"publish","type":"product","link":"https:\/\/techeart.com.br\/axisloja3\/produto\/polia-camp-turbolok\/","title":{"rendered":"POLIA CAMP TURBOLOK"},"content":{"rendered":"<p>Polia CAMP Turbolock &#8211; O mecanismo de travamento para<br \/>abertura e fechamento permite que a corda seja inserida sem retirar o dispositivo da<br \/>ancoragem e n\u00e3o pode ser aberta quando a polia estiver carregada para evitar<br \/>aberturas acidentais durante o uso. O came dentado foi projetado para uma<br \/>ader\u00eancia imediata e forte em cordas de 8 a 13 mm. O came \u00e9 habilitado e<br \/>desabilitado por meio de uma chave protegida dentro dos flanges para evitar<br \/>acionamentos acidentais. Um movimento para abrir o came para facilitar a inser\u00e7\u00e3o<br \/>ou remo\u00e7\u00e3o da corda ou para utilizar o dispositivo como uma polia simples sem<br \/>travamento. Dois movimentos para habilitar o came. Os dois pontos de fixa\u00e7\u00e3o<br \/>(ponto de fixa\u00e7\u00e3o principal e orif\u00edcio do becket) permitem a rota\u00e7\u00e3o do conector para<br \/>m\u00e1xima facilidade de uso. Roldana de grande di\u00e2metro com rolamentos de esferas<br \/>vedados para uma efici\u00eancia muito elevada (95%). A constru\u00e7\u00e3o robusta apresenta<br \/>placas laterais forjadas a quente, polia de liga de alum\u00ednio fresada com precis\u00e3o e<br \/>came, rebites e pinos de a\u00e7o inoxid\u00e1vel. Carga de ruptura: 23KN Material: alum\u00ednio<br \/>de alta resist\u00eancia Certifica\u00e7\u00f5es Internacionais: CE E.N. 12278 CE E.N. 567 CE E.N.<br \/>12841\/B Carga de trabalho m\u00e1ximo: 4KN Peso: 198 gramas<\/p>\n<p>Marca: Camp Italy.<\/p>\n","protected":false},"excerpt":{"rendered":"<p>Polia CAMP Turbolock &#8211; O mecanismo de travamento paraabertura e fechamento permite que a corda seja inserida sem retirar o dispositivo daancoragem e n\u00e3o pode ser aberta quando a polia estiver carregada para evitaraberturas acidentais durante o uso. O came dentado foi projetado para umaader\u00eancia imediata e forte em cordas de 8 a 13 mm. [&hellip;]<\/p>\n","protected":false},"featured_media":0,"comment_status":"open","ping_status":"closed","template":"","meta":[],"product_brand":[],"product_cat":[15],"product_tag":[],"class_list":{"0":"post-759","1":"product","2":"type-product","3":"status-publish","5":"product_cat-sem-categoria","7":"first","8":"outofstock","9":"shipping-taxable","10":"purchasable","11":"product-type-simple"},"yoast_head":"<!-- This site is optimized with the Yoast SEO plugin v27.4 - https:\/\/yoast.com\/product\/yoast-seo-wordpress\/ -->\n<title>POLIA CAMP TURBOLOK - axis loja 3<\/title>\n<meta name=\"robots\" content=\"index, follow, max-snippet:-1, max-image-preview:large, max-video-preview:-1\" \/>\n<link rel=\"canonical\" href=\"https:\/\/techeart.com.br\/axisloja3\/produto\/polia-camp-turbolok\/\" \/>\n<meta property=\"og:locale\" content=\"pt_BR\" \/>\n<meta property=\"og:type\" content=\"article\" \/>\n<meta property=\"og:title\" content=\"POLIA CAMP TURBOLOK - axis loja 3\" \/>\n<meta property=\"og:description\" content=\"Polia CAMP Turbolock &#8211; O mecanismo de travamento paraabertura e fechamento permite que a corda seja inserida sem retirar o dispositivo daancoragem e n\u00e3o pode ser aberta quando a polia estiver carregada para evitaraberturas acidentais durante o uso. O came dentado foi projetado para umaader\u00eancia imediata e forte em cordas de 8 a 13 mm. [&hellip;]\" \/>\n<meta property=\"og:url\" content=\"https:\/\/techeart.com.br\/axisloja3\/produto\/polia-camp-turbolok\/\" \/>\n<meta property=\"og:site_name\" content=\"axis loja 3\" \/>\n<meta property=\"article:modified_time\" content=\"2024-09-24T19:33:16+00:00\" \/>\n<meta name=\"twitter:card\" content=\"summary_large_image\" \/>\n<meta name=\"twitter:label1\" content=\"Est. tempo de leitura\" \/>\n\t<meta name=\"twitter:data1\" content=\"1 minuto\" \/>\n<script type=\"application\/ld+json\" class=\"yoast-schema-graph\">{\"@context\":\"https:\\\/\\\/schema.org\",\"@graph\":[{\"@type\":\"WebPage\",\"@id\":\"https:\\\/\\\/techeart.com.br\\\/axisloja3\\\/produto\\\/polia-camp-turbolok\\\/\",\"url\":\"https:\\\/\\\/techeart.com.br\\\/axisloja3\\\/produto\\\/polia-camp-turbolok\\\/\",\"name\":\"POLIA CAMP TURBOLOK - axis loja 3\",\"isPartOf\":{\"@id\":\"https:\\\/\\\/techeart.com.br\\\/axisloja3\\\/#website\"},\"datePublished\":\"2024-09-23T13:30:58+00:00\",\"dateModified\":\"2024-09-24T19:33:16+00:00\",\"breadcrumb\":{\"@id\":\"https:\\\/\\\/techeart.com.br\\\/axisloja3\\\/produto\\\/polia-camp-turbolok\\\/#breadcrumb\"},\"inLanguage\":\"pt-BR\",\"potentialAction\":[{\"@type\":\"ReadAction\",\"target\":[\"https:\\\/\\\/techeart.com.br\\\/axisloja3\\\/produto\\\/polia-camp-turbolok\\\/\"]}]},{\"@type\":\"BreadcrumbList\",\"@id\":\"https:\\\/\\\/techeart.com.br\\\/axisloja3\\\/produto\\\/polia-camp-turbolok\\\/#breadcrumb\",\"itemListElement\":[{\"@type\":\"ListItem\",\"position\":1,\"name\":\"In\u00edcio\",\"item\":\"https:\\\/\\\/techeart.com.br\\\/axisloja3\\\/\"},{\"@type\":\"ListItem\",\"position\":2,\"name\":\"Produtos\",\"item\":\"https:\\\/\\\/techeart.com.br\\\/axisloja3\\\/loja__trashed\\\/\"},{\"@type\":\"ListItem\",\"position\":3,\"name\":\"POLIA CAMP TURBOLOK\"}]},{\"@type\":\"WebSite\",\"@id\":\"https:\\\/\\\/techeart.com.br\\\/axisloja3\\\/#website\",\"url\":\"https:\\\/\\\/techeart.com.br\\\/axisloja3\\\/\",\"name\":\"axis loja 3\",\"description\":\"\",\"publisher\":{\"@id\":\"https:\\\/\\\/techeart.com.br\\\/axisloja3\\\/#organization\"},\"potentialAction\":[{\"@type\":\"SearchAction\",\"target\":{\"@type\":\"EntryPoint\",\"urlTemplate\":\"https:\\\/\\\/techeart.com.br\\\/axisloja3\\\/?s={search_term_string}\"},\"query-input\":{\"@type\":\"PropertyValueSpecification\",\"valueRequired\":true,\"valueName\":\"search_term_string\"}}],\"inLanguage\":\"pt-BR\"},{\"@type\":\"Organization\",\"@id\":\"https:\\\/\\\/techeart.com.br\\\/axisloja3\\\/#organization\",\"name\":\"axis loja 3\",\"url\":\"https:\\\/\\\/techeart.com.br\\\/axisloja3\\\/\",\"logo\":{\"@type\":\"ImageObject\",\"inLanguage\":\"pt-BR\",\"@id\":\"https:\\\/\\\/techeart.com.br\\\/axisloja3\\\/#\\\/schema\\\/logo\\\/image\\\/\",\"url\":\"https:\\\/\\\/techeart.com.br\\\/axisloja3\\\/wp-content\\\/uploads\\\/2024\\\/08\\\/Design-sem-nome-9.png\",\"contentUrl\":\"https:\\\/\\\/techeart.com.br\\\/axisloja3\\\/wp-content\\\/uploads\\\/2024\\\/08\\\/Design-sem-nome-9.png\",\"width\":150,\"height\":150,\"caption\":\"axis loja 3\"},\"image\":{\"@id\":\"https:\\\/\\\/techeart.com.br\\\/axisloja3\\\/#\\\/schema\\\/logo\\\/image\\\/\"}}]}<\/script>\n<!-- \/ Yoast SEO plugin. -->","yoast_head_json":{"title":"POLIA CAMP TURBOLOK - axis loja 3","robots":{"index":"index","follow":"follow","max-snippet":"max-snippet:-1","max-image-preview":"max-image-preview:large","max-video-preview":"max-video-preview:-1"},"canonical":"https:\/\/techeart.com.br\/axisloja3\/produto\/polia-camp-turbolok\/","og_locale":"pt_BR","og_type":"article","og_title":"POLIA CAMP TURBOLOK - axis loja 3","og_description":"Polia CAMP Turbolock &#8211; O mecanismo de travamento paraabertura e fechamento permite que a corda seja inserida sem retirar o dispositivo daancoragem e n\u00e3o pode ser aberta quando a polia estiver carregada para evitaraberturas acidentais durante o uso. O came dentado foi projetado para umaader\u00eancia imediata e forte em cordas de 8 a 13 mm. [&hellip;]","og_url":"https:\/\/techeart.com.br\/axisloja3\/produto\/polia-camp-turbolok\/","og_site_name":"axis loja 3","article_modified_time":"2024-09-24T19:33:16+00:00","twitter_card":"summary_large_image","twitter_misc":{"Est. tempo de leitura":"1 minuto"},"schema":{"@context":"https:\/\/schema.org","@graph":[{"@type":"WebPage","@id":"https:\/\/techeart.com.br\/axisloja3\/produto\/polia-camp-turbolok\/","url":"https:\/\/techeart.com.br\/axisloja3\/produto\/polia-camp-turbolok\/","name":"POLIA CAMP TURBOLOK - axis loja 3","isPartOf":{"@id":"https:\/\/techeart.com.br\/axisloja3\/#website"},"datePublished":"2024-09-23T13:30:58+00:00","dateModified":"2024-09-24T19:33:16+00:00","breadcrumb":{"@id":"https:\/\/techeart.com.br\/axisloja3\/produto\/polia-camp-turbolok\/#breadcrumb"},"inLanguage":"pt-BR","potentialAction":[{"@type":"ReadAction","target":["https:\/\/techeart.com.br\/axisloja3\/produto\/polia-camp-turbolok\/"]}]},{"@type":"BreadcrumbList","@id":"https:\/\/techeart.com.br\/axisloja3\/produto\/polia-camp-turbolok\/#breadcrumb","itemListElement":[{"@type":"ListItem","position":1,"name":"In\u00edcio","item":"https:\/\/techeart.com.br\/axisloja3\/"},{"@type":"ListItem","position":2,"name":"Produtos","item":"https:\/\/techeart.com.br\/axisloja3\/loja__trashed\/"},{"@type":"ListItem","position":3,"name":"POLIA CAMP TURBOLOK"}]},{"@type":"WebSite","@id":"https:\/\/techeart.com.br\/axisloja3\/#website","url":"https:\/\/techeart.com.br\/axisloja3\/","name":"axis loja 3","description":"","publisher":{"@id":"https:\/\/techeart.com.br\/axisloja3\/#organization"},"potentialAction":[{"@type":"SearchAction","target":{"@type":"EntryPoint","urlTemplate":"https:\/\/techeart.com.br\/axisloja3\/?s={search_term_string}"},"query-input":{"@type":"PropertyValueSpecification","valueRequired":true,"valueName":"search_term_string"}}],"inLanguage":"pt-BR"},{"@type":"Organization","@id":"https:\/\/techeart.com.br\/axisloja3\/#organization","name":"axis loja 3","url":"https:\/\/techeart.com.br\/axisloja3\/","logo":{"@type":"ImageObject","inLanguage":"pt-BR","@id":"https:\/\/techeart.com.br\/axisloja3\/#\/schema\/logo\/image\/","url":"https:\/\/techeart.com.br\/axisloja3\/wp-content\/uploads\/2024\/08\/Design-sem-nome-9.png","contentUrl":"https:\/\/techeart.com.br\/axisloja3\/wp-content\/uploads\/2024\/08\/Design-sem-nome-9.png","width":150,"height":150,"caption":"axis loja 3"},"image":{"@id":"https:\/\/techeart.com.br\/axisloja3\/#\/schema\/logo\/image\/"}}]}},"_links":{"self":[{"href":"https:\/\/techeart.com.br\/axisloja3\/wp-json\/wp\/v2\/product\/759","targetHints":{"allow":["GET"]}}],"collection":[{"href":"https:\/\/techeart.com.br\/axisloja3\/wp-json\/wp\/v2\/product"}],"about":[{"href":"https:\/\/techeart.com.br\/axisloja3\/wp-json\/wp\/v2\/types\/product"}],"replies":[{"embeddable":true,"href":"https:\/\/techeart.com.br\/axisloja3\/wp-json\/wp\/v2\/comments?post=759"}],"wp:attachment":[{"href":"https:\/\/techeart.com.br\/axisloja3\/wp-json\/wp\/v2\/media?parent=759"}],"wp:term":[{"taxonomy":"product_brand","embeddable":true,"href":"https:\/\/techeart.com.br\/axisloja3\/wp-json\/wp\/v2\/product_brand?post=759"},{"taxonomy":"product_cat","embeddable":true,"href":"https:\/\/techeart.com.br\/axisloja3\/wp-json\/wp\/v2\/product_cat?post=759"},{"taxonomy":"product_tag","embeddable":true,"href":"https:\/\/techeart.com.br\/axisloja3\/wp-json\/wp\/v2\/product_tag?post=759"}],"curies":[{"name":"wp","href":"https:\/\/api.w.org\/{rel}","templated":true}]}}