{"id":763,"date":"2024-09-24T18:35:38","date_gmt":"2024-09-24T18:35:38","guid":{"rendered":"https:\/\/techeart.com.br\/axisloja3\/produto\/polia-sideup-oscilante-aluminio\/"},"modified":"2024-09-24T19:33:18","modified_gmt":"2024-09-24T19:33:18","slug":"polia-sideup-oscilante-aluminio","status":"publish","type":"product","link":"https:\/\/techeart.com.br\/axisloja3\/produto\/polia-sideup-oscilante-aluminio\/","title":{"rendered":"POLIA SIDEUP OSCILANTE ALUMINIO"},"content":{"rendered":"<p>Polia SIDEUP Alum Oscilante Compacta 26KN Polia oscilante feita em alum\u00ednio<br \/>anodizado cinza marca SideUp, de alta resist\u00eancia, carga de ruptura 26KN. Utilizada<br \/>em corda de no m\u00e1ximo 12mm. Polia com placas oscilantes, para corda de at\u00e9<br \/>12mm, carga de ruptura 26KN. Polia desenvolvida para sistemas de baixa velocidade\u00a0pois possui buchas internas.<\/p>\n<p>Caracter\u00edsticas T\u00e9cnicas:<br \/>Para corda de at\u00e9 12mm. Carga de ruptura: 26KN. Peso: 110g. Material: Alum\u00ednio<br \/>anodizado cor cinza. Medidas: 80mm X 57mm<\/p>\n<p>Marca: SideUp\u00a0<\/p>\n<p>NCM:76169900<\/p>\n","protected":false},"excerpt":{"rendered":"<p>Polia SIDEUP Alum Oscilante Compacta 26KN Polia oscilante feita em alum\u00ednioanodizado cinza marca SideUp, de alta resist\u00eancia, carga de ruptura 26KN. Utilizadaem corda de no m\u00e1ximo 12mm. Polia com placas oscilantes, para corda de at\u00e912mm, carga de ruptura 26KN. Polia desenvolvida para sistemas de baixa velocidade\u00a0pois possui buchas internas. Caracter\u00edsticas T\u00e9cnicas:Para corda de at\u00e9 12mm. [&hellip;]<\/p>\n","protected":false},"featured_media":0,"comment_status":"open","ping_status":"closed","template":"","meta":[],"product_brand":[],"product_cat":[15],"product_tag":[],"class_list":{"0":"post-763","1":"product","2":"type-product","3":"status-publish","5":"product_cat-sem-categoria","7":"first","8":"outofstock","9":"shipping-taxable","10":"purchasable","11":"product-type-simple"},"yoast_head":"<!-- This site is optimized with the Yoast SEO plugin v27.4 - https:\/\/yoast.com\/product\/yoast-seo-wordpress\/ -->\n<title>POLIA SIDEUP OSCILANTE ALUMINIO - axis loja 3<\/title>\n<meta name=\"robots\" content=\"index, follow, max-snippet:-1, max-image-preview:large, max-video-preview:-1\" \/>\n<link rel=\"canonical\" href=\"https:\/\/techeart.com.br\/axisloja3\/produto\/polia-sideup-oscilante-aluminio\/\" \/>\n<meta property=\"og:locale\" content=\"pt_BR\" \/>\n<meta property=\"og:type\" content=\"article\" \/>\n<meta property=\"og:title\" content=\"POLIA SIDEUP OSCILANTE ALUMINIO - axis loja 3\" \/>\n<meta property=\"og:description\" content=\"Polia SIDEUP Alum Oscilante Compacta 26KN Polia oscilante feita em alum\u00ednioanodizado cinza marca SideUp, de alta resist\u00eancia, carga de ruptura 26KN. Utilizadaem corda de no m\u00e1ximo 12mm. Polia com placas oscilantes, para corda de at\u00e912mm, carga de ruptura 26KN. Polia desenvolvida para sistemas de baixa velocidade\u00a0pois possui buchas internas. Caracter\u00edsticas T\u00e9cnicas:Para corda de at\u00e9 12mm. [&hellip;]\" \/>\n<meta property=\"og:url\" content=\"https:\/\/techeart.com.br\/axisloja3\/produto\/polia-sideup-oscilante-aluminio\/\" \/>\n<meta property=\"og:site_name\" content=\"axis loja 3\" \/>\n<meta property=\"article:modified_time\" content=\"2024-09-24T19:33:18+00:00\" \/>\n<meta name=\"twitter:card\" content=\"summary_large_image\" \/>\n<script type=\"application\/ld+json\" class=\"yoast-schema-graph\">{\"@context\":\"https:\\\/\\\/schema.org\",\"@graph\":[{\"@type\":\"WebPage\",\"@id\":\"https:\\\/\\\/techeart.com.br\\\/axisloja3\\\/produto\\\/polia-sideup-oscilante-aluminio\\\/\",\"url\":\"https:\\\/\\\/techeart.com.br\\\/axisloja3\\\/produto\\\/polia-sideup-oscilante-aluminio\\\/\",\"name\":\"POLIA SIDEUP OSCILANTE ALUMINIO - axis loja 3\",\"isPartOf\":{\"@id\":\"https:\\\/\\\/techeart.com.br\\\/axisloja3\\\/#website\"},\"datePublished\":\"2024-09-24T18:35:38+00:00\",\"dateModified\":\"2024-09-24T19:33:18+00:00\",\"breadcrumb\":{\"@id\":\"https:\\\/\\\/techeart.com.br\\\/axisloja3\\\/produto\\\/polia-sideup-oscilante-aluminio\\\/#breadcrumb\"},\"inLanguage\":\"pt-BR\",\"potentialAction\":[{\"@type\":\"ReadAction\",\"target\":[\"https:\\\/\\\/techeart.com.br\\\/axisloja3\\\/produto\\\/polia-sideup-oscilante-aluminio\\\/\"]}]},{\"@type\":\"BreadcrumbList\",\"@id\":\"https:\\\/\\\/techeart.com.br\\\/axisloja3\\\/produto\\\/polia-sideup-oscilante-aluminio\\\/#breadcrumb\",\"itemListElement\":[{\"@type\":\"ListItem\",\"position\":1,\"name\":\"In\u00edcio\",\"item\":\"https:\\\/\\\/techeart.com.br\\\/axisloja3\\\/\"},{\"@type\":\"ListItem\",\"position\":2,\"name\":\"Produtos\",\"item\":\"https:\\\/\\\/techeart.com.br\\\/axisloja3\\\/loja__trashed\\\/\"},{\"@type\":\"ListItem\",\"position\":3,\"name\":\"POLIA SIDEUP OSCILANTE ALUMINIO\"}]},{\"@type\":\"WebSite\",\"@id\":\"https:\\\/\\\/techeart.com.br\\\/axisloja3\\\/#website\",\"url\":\"https:\\\/\\\/techeart.com.br\\\/axisloja3\\\/\",\"name\":\"axis loja 3\",\"description\":\"\",\"publisher\":{\"@id\":\"https:\\\/\\\/techeart.com.br\\\/axisloja3\\\/#organization\"},\"potentialAction\":[{\"@type\":\"SearchAction\",\"target\":{\"@type\":\"EntryPoint\",\"urlTemplate\":\"https:\\\/\\\/techeart.com.br\\\/axisloja3\\\/?s={search_term_string}\"},\"query-input\":{\"@type\":\"PropertyValueSpecification\",\"valueRequired\":true,\"valueName\":\"search_term_string\"}}],\"inLanguage\":\"pt-BR\"},{\"@type\":\"Organization\",\"@id\":\"https:\\\/\\\/techeart.com.br\\\/axisloja3\\\/#organization\",\"name\":\"axis loja 3\",\"url\":\"https:\\\/\\\/techeart.com.br\\\/axisloja3\\\/\",\"logo\":{\"@type\":\"ImageObject\",\"inLanguage\":\"pt-BR\",\"@id\":\"https:\\\/\\\/techeart.com.br\\\/axisloja3\\\/#\\\/schema\\\/logo\\\/image\\\/\",\"url\":\"https:\\\/\\\/techeart.com.br\\\/axisloja3\\\/wp-content\\\/uploads\\\/2024\\\/08\\\/Design-sem-nome-9.png\",\"contentUrl\":\"https:\\\/\\\/techeart.com.br\\\/axisloja3\\\/wp-content\\\/uploads\\\/2024\\\/08\\\/Design-sem-nome-9.png\",\"width\":150,\"height\":150,\"caption\":\"axis loja 3\"},\"image\":{\"@id\":\"https:\\\/\\\/techeart.com.br\\\/axisloja3\\\/#\\\/schema\\\/logo\\\/image\\\/\"}}]}<\/script>\n<!-- \/ Yoast SEO plugin. -->","yoast_head_json":{"title":"POLIA SIDEUP OSCILANTE ALUMINIO - axis loja 3","robots":{"index":"index","follow":"follow","max-snippet":"max-snippet:-1","max-image-preview":"max-image-preview:large","max-video-preview":"max-video-preview:-1"},"canonical":"https:\/\/techeart.com.br\/axisloja3\/produto\/polia-sideup-oscilante-aluminio\/","og_locale":"pt_BR","og_type":"article","og_title":"POLIA SIDEUP OSCILANTE ALUMINIO - axis loja 3","og_description":"Polia SIDEUP Alum Oscilante Compacta 26KN Polia oscilante feita em alum\u00ednioanodizado cinza marca SideUp, de alta resist\u00eancia, carga de ruptura 26KN. Utilizadaem corda de no m\u00e1ximo 12mm. Polia com placas oscilantes, para corda de at\u00e912mm, carga de ruptura 26KN. Polia desenvolvida para sistemas de baixa velocidade\u00a0pois possui buchas internas. Caracter\u00edsticas T\u00e9cnicas:Para corda de at\u00e9 12mm. [&hellip;]","og_url":"https:\/\/techeart.com.br\/axisloja3\/produto\/polia-sideup-oscilante-aluminio\/","og_site_name":"axis loja 3","article_modified_time":"2024-09-24T19:33:18+00:00","twitter_card":"summary_large_image","schema":{"@context":"https:\/\/schema.org","@graph":[{"@type":"WebPage","@id":"https:\/\/techeart.com.br\/axisloja3\/produto\/polia-sideup-oscilante-aluminio\/","url":"https:\/\/techeart.com.br\/axisloja3\/produto\/polia-sideup-oscilante-aluminio\/","name":"POLIA SIDEUP OSCILANTE ALUMINIO - axis loja 3","isPartOf":{"@id":"https:\/\/techeart.com.br\/axisloja3\/#website"},"datePublished":"2024-09-24T18:35:38+00:00","dateModified":"2024-09-24T19:33:18+00:00","breadcrumb":{"@id":"https:\/\/techeart.com.br\/axisloja3\/produto\/polia-sideup-oscilante-aluminio\/#breadcrumb"},"inLanguage":"pt-BR","potentialAction":[{"@type":"ReadAction","target":["https:\/\/techeart.com.br\/axisloja3\/produto\/polia-sideup-oscilante-aluminio\/"]}]},{"@type":"BreadcrumbList","@id":"https:\/\/techeart.com.br\/axisloja3\/produto\/polia-sideup-oscilante-aluminio\/#breadcrumb","itemListElement":[{"@type":"ListItem","position":1,"name":"In\u00edcio","item":"https:\/\/techeart.com.br\/axisloja3\/"},{"@type":"ListItem","position":2,"name":"Produtos","item":"https:\/\/techeart.com.br\/axisloja3\/loja__trashed\/"},{"@type":"ListItem","position":3,"name":"POLIA SIDEUP OSCILANTE ALUMINIO"}]},{"@type":"WebSite","@id":"https:\/\/techeart.com.br\/axisloja3\/#website","url":"https:\/\/techeart.com.br\/axisloja3\/","name":"axis loja 3","description":"","publisher":{"@id":"https:\/\/techeart.com.br\/axisloja3\/#organization"},"potentialAction":[{"@type":"SearchAction","target":{"@type":"EntryPoint","urlTemplate":"https:\/\/techeart.com.br\/axisloja3\/?s={search_term_string}"},"query-input":{"@type":"PropertyValueSpecification","valueRequired":true,"valueName":"search_term_string"}}],"inLanguage":"pt-BR"},{"@type":"Organization","@id":"https:\/\/techeart.com.br\/axisloja3\/#organization","name":"axis loja 3","url":"https:\/\/techeart.com.br\/axisloja3\/","logo":{"@type":"ImageObject","inLanguage":"pt-BR","@id":"https:\/\/techeart.com.br\/axisloja3\/#\/schema\/logo\/image\/","url":"https:\/\/techeart.com.br\/axisloja3\/wp-content\/uploads\/2024\/08\/Design-sem-nome-9.png","contentUrl":"https:\/\/techeart.com.br\/axisloja3\/wp-content\/uploads\/2024\/08\/Design-sem-nome-9.png","width":150,"height":150,"caption":"axis loja 3"},"image":{"@id":"https:\/\/techeart.com.br\/axisloja3\/#\/schema\/logo\/image\/"}}]}},"_links":{"self":[{"href":"https:\/\/techeart.com.br\/axisloja3\/wp-json\/wp\/v2\/product\/763","targetHints":{"allow":["GET"]}}],"collection":[{"href":"https:\/\/techeart.com.br\/axisloja3\/wp-json\/wp\/v2\/product"}],"about":[{"href":"https:\/\/techeart.com.br\/axisloja3\/wp-json\/wp\/v2\/types\/product"}],"replies":[{"embeddable":true,"href":"https:\/\/techeart.com.br\/axisloja3\/wp-json\/wp\/v2\/comments?post=763"}],"wp:attachment":[{"href":"https:\/\/techeart.com.br\/axisloja3\/wp-json\/wp\/v2\/media?parent=763"}],"wp:term":[{"taxonomy":"product_brand","embeddable":true,"href":"https:\/\/techeart.com.br\/axisloja3\/wp-json\/wp\/v2\/product_brand?post=763"},{"taxonomy":"product_cat","embeddable":true,"href":"https:\/\/techeart.com.br\/axisloja3\/wp-json\/wp\/v2\/product_cat?post=763"},{"taxonomy":"product_tag","embeddable":true,"href":"https:\/\/techeart.com.br\/axisloja3\/wp-json\/wp\/v2\/product_tag?post=763"}],"curies":[{"name":"wp","href":"https:\/\/api.w.org\/{rel}","templated":true}]}}